{"id":11680,"date":"2012-03-25T13:20:55","date_gmt":"2012-03-25T12:20:55","guid":{"rendered":"http:\/\/mundgericht.de\/?page_id=11680"},"modified":"2014-11-26T16:42:50","modified_gmt":"2014-11-26T14:42:50","slug":"schnellubersicht","status":"publish","type":"page","link":"http:\/\/mundgericht.de\/index.php\/schnellubersicht\/","title":{"rendered":"Galerie"},"content":{"rendered":"<p><code><div id=\"tmn-image-wall\" scroll_img_url=\"http:\/\/mundgericht.de\/wp-content\/plugins\/image-wall\/loading.gif\" column_width=\"150\" buffer_pixels=\"2000\" move_to_end=\"false\" style=\"background-color: #EFF0E9; -webkit-border-radius: 2px; -moz-border-radius: 2px; border-radius: 2px; padding: 3px;\"><\/div><div id=\"tmn-image-wall-prep\"><a class=\"tmn-image-wall-item-link\" href=\"http:\/\/mundgericht.de\/index.php\/schnittlauchbrot\/\"  target=\"_blank\"  rel=\"nofollow\"><img width=\"150\" height=\"150\" src=\"http:\/\/mundgericht.de\/wp-content\/uploads\/2015\/08\/Schnittlauchbrot_ji-W800-150x150.jpg\" class=\"tmn-image-wall-item tmn-image-wall-span-cols-1\" alt=\"Schnittlauchbrot_ji-W800 (Schnittlauchbrot)\" title=\"Schnittlauchbrot_ji-W800 (Schnittlauchbrot)\" \/><\/a><a class=\"tmn-image-wall-item-link\" href=\"http:\/\/mundgericht.de\/index.php\/pul-biber\/\"  target=\"_blank\"  rel=\"nofollow\"><img width=\"150\" height=\"150\" src=\"http:\/\/mundgericht.de\/wp-content\/uploads\/2016\/02\/Pul-Biber_ji-W800-150x150.jpg\" class=\"tmn-image-wall-item tmn-image-wall-span-cols-1\" alt=\"Pul Biber_ji-W800 (Pul Biber)\" title=\"Pul Biber_ji-W800 (Pul Biber)\" \/><\/a><a class=\"tmn-image-wall-item-link\" href=\"http:\/\/mundgericht.de\/index.php\/wirsingroulade-mit-apfel-baconfullung\/\"  target=\"_blank\"  rel=\"nofollow\"><img width=\"150\" height=\"150\" src=\"http:\/\/mundgericht.de\/wp-content\/uploads\/2009\/06\/wirsingroulade-mit-bacon-und-apfel-kopie-150x150.jpg\" class=\"tmn-image-wall-item tmn-image-wall-span-cols-1\" alt=\"wirsingroulade-mit-bacon-und-apfel-kopie (Wirsingroulade mit Apfel-Baconf\u00fcllung)\" title=\"wirsingroulade-mit-bacon-und-apfel-kopie (Wirsingroulade mit Apfel-Baconf\u00fcllung)\" \/><\/a><a class=\"tmn-image-wall-item-link\" href=\"http:\/\/mundgericht.de\/index.php\/wakame\/\"  target=\"_blank\"  rel=\"nofollow\"><img width=\"150\" height=\"150\" src=\"http:\/\/mundgericht.de\/wp-content\/uploads\/2017\/01\/Wakame_ji-W800-150x150.jpg\" class=\"tmn-image-wall-item tmn-image-wall-span-cols-1\" alt=\"Wakame_ji-W800 (Wakame)\" title=\"Wakame_ji-W800 (Wakame)\" \/><\/a><a class=\"tmn-image-wall-item-link\" href=\"http:\/\/mundgericht.de\/index.php\/holunderbeersauce\/\"  target=\"_blank\"  rel=\"nofollow\"><img width=\"150\" height=\"150\" src=\"http:\/\/mundgericht.de\/wp-content\/uploads\/2010\/04\/Kr\u00e4uterlamm-mit-Holundersauce_ji-W800-150x150.jpg\" class=\"tmn-image-wall-item tmn-image-wall-span-cols-1\" alt=\"Kr\u00e4uterlamm mit Holundersauce (Holunderbeersauce)\" title=\"Kr\u00e4uterlamm mit Holundersauce (Holunderbeersauce)\" \/><\/a><a class=\"tmn-image-wall-item-link\" href=\"http:\/\/mundgericht.de\/index.php\/kasekuchen-manhattan\/\"  target=\"_blank\"  rel=\"nofollow\"><img width=\"150\" height=\"150\" src=\"http:\/\/mundgericht.de\/wp-content\/uploads\/2012\/08\/K\u00e4sekuchen-Manhattan_ji-W800-150x150.jpg\" class=\"tmn-image-wall-item tmn-image-wall-span-cols-1\" alt=\"K\u00e4sekuchen Manhattan (K\u00e4sekuchen Manhattan)\" title=\"K\u00e4sekuchen Manhattan (K\u00e4sekuchen Manhattan)\" \/><\/a><a class=\"tmn-image-wall-item-link\" href=\"http:\/\/mundgericht.de\/index.php\/salat-mit-riesenbohnen-chilischoten-und-kapern\/\"  target=\"_blank\"  rel=\"nofollow\"><img width=\"150\" height=\"150\" src=\"http:\/\/mundgericht.de\/wp-content\/uploads\/2017\/11\/Salat-mit-Riesenbohnen-Chilischoten-und-Kapern_ji-W800-150x150.jpg\" class=\"tmn-image-wall-item tmn-image-wall-span-cols-1\" alt=\"Salat mit Riesenbohnen, Chilischoten und Kapern_ji-W800 (Salat mit Riesenbohnen, Chilischoten und Kapern)\" title=\"Salat mit Riesenbohnen, Chilischoten und Kapern_ji-W800 (Salat mit Riesenbohnen, Chilischoten und Kapern)\" \/><\/a><a class=\"tmn-image-wall-item-link\" href=\"http:\/\/mundgericht.de\/index.php\/spinatnudeln-mit-thunfisch-sahnesauce\/\"  target=\"_blank\"  rel=\"nofollow\"><img width=\"150\" height=\"150\" src=\"http:\/\/mundgericht.de\/wp-content\/uploads\/2009\/03\/spinatnudeln-w800-150x150.jpg\" class=\"tmn-image-wall-item tmn-image-wall-span-cols-1\" alt=\"spinatnudeln-w800 (Spinatnudeln mit Thunfisch-Sahnesauce)\" title=\"spinatnudeln-w800 (Spinatnudeln mit Thunfisch-Sahnesauce)\" \/><\/a><a class=\"tmn-image-wall-item-link\" href=\"http:\/\/mundgericht.de\/index.php\/uberbackenes-kartoffelpuree-mit-oliven\/\"  target=\"_blank\"  rel=\"nofollow\"><img width=\"150\" height=\"150\" src=\"http:\/\/mundgericht.de\/wp-content\/uploads\/2010\/03\/berbackenes-Kartoffelp\u00fcree_ji-W800-150x150.jpg\" class=\"tmn-image-wall-item tmn-image-wall-span-cols-1\" alt=\"\u00dcberbackenes Kartoffelp\u00fcree_ji-W800 (\u00dcberbackenes Kartoffelp\u00fcree mit Oliven)\" title=\"\u00dcberbackenes Kartoffelp\u00fcree_ji-W800 (\u00dcberbackenes Kartoffelp\u00fcree mit Oliven)\" \/><\/a><a class=\"tmn-image-wall-item-link\" href=\"http:\/\/mundgericht.de\/index.php\/ossobuco-auf-mailaender-art\/\"  target=\"_blank\"  rel=\"nofollow\"><img width=\"150\" height=\"150\" src=\"http:\/\/mundgericht.de\/wp-content\/uploads\/2018\/01\/Ossobuco-auf-Mail\u00e4nder-Art_ji-W800-W800-150x150.jpg\" class=\"tmn-image-wall-item tmn-image-wall-span-cols-1\" alt=\"Ossobuco auf Mail\u00e4nder Art_ji-W800-W800 (Ossobuco auf Mail\u00e4nder Art)\" title=\"Ossobuco auf Mail\u00e4nder Art_ji-W800-W800 (Ossobuco auf Mail\u00e4nder Art)\" \/><\/a><a class=\"tmn-image-wall-item-link\" href=\"http:\/\/mundgericht.de\/index.php\/lammkeule-mit-shrewsbury-sauce\/\"  target=\"_blank\"  rel=\"nofollow\"><img width=\"150\" height=\"150\" src=\"http:\/\/mundgericht.de\/wp-content\/uploads\/2021\/01\/Lammkeule-mit-Shrewsbury-Sauce_ji-Klein-150x150.jpg\" class=\"tmn-image-wall-item tmn-image-wall-span-cols-1\" alt=\"Lammkeule mit Shrewsbury-Sauce_ji (Klein) (Lammkeule mit Shrewsbury-Sauce)\" title=\"Lammkeule mit Shrewsbury-Sauce_ji (Klein) (Lammkeule mit Shrewsbury-Sauce)\" \/><\/a><a class=\"tmn-image-wall-item-link\" href=\"http:\/\/mundgericht.de\/index.php\/panna-cotta-mit-marzipan-mohn-und-himbeersauce\/\"  target=\"_blank\"  rel=\"nofollow\"><img width=\"150\" height=\"150\" src=\"http:\/\/mundgericht.de\/wp-content\/uploads\/2020\/12\/Pana-cotta-mit-Marzipan-Mohn-und-Himbeersauce_ji-Klein-150x150.jpg\" class=\"tmn-image-wall-item tmn-image-wall-span-cols-1\" alt=\"Pana cotta mit Marzipan, Mohn und Himbeersauce_ji (Klein) (Panna cotta mit Marzipan, Mohn und Himbeersauce)\" title=\"Pana cotta mit Marzipan, Mohn und Himbeersauce_ji (Klein) (Panna cotta mit Marzipan, Mohn und Himbeersauce)\" \/><\/a><a class=\"tmn-image-wall-item-link\" href=\"http:\/\/mundgericht.de\/index.php\/entenragout-mit-pasta\/\"  target=\"_blank\"  rel=\"nofollow\"><img width=\"150\" height=\"150\" src=\"http:\/\/mundgericht.de\/wp-content\/uploads\/2019\/06\/Entenragout-mit-Pasta_ji-W800-150x150.jpg\" class=\"tmn-image-wall-item tmn-image-wall-span-cols-1\" alt=\"Entenragout mit Pasta_ji-W800 (Entenragout mit Pasta)\" title=\"Entenragout mit Pasta_ji-W800 (Entenragout mit Pasta)\" \/><\/a><a class=\"tmn-image-wall-item-link\" href=\"http:\/\/mundgericht.de\/index.php\/erdnusssuppe\/\"  target=\"_blank\"  rel=\"nofollow\"><img width=\"150\" height=\"150\" src=\"http:\/\/mundgericht.de\/wp-content\/uploads\/2009\/12\/Erdnusssuppe-W800-150x150.jpg\" class=\"tmn-image-wall-item tmn-image-wall-span-cols-1\" alt=\"Erdnusssuppe (Erdnusssuppe)\" title=\"Erdnusssuppe (Erdnusssuppe)\" \/><\/a><a class=\"tmn-image-wall-item-link\" href=\"http:\/\/mundgericht.de\/index.php\/gefuellte-zucchini\/\"  target=\"_blank\"  rel=\"nofollow\"><img width=\"150\" height=\"150\" src=\"http:\/\/mundgericht.de\/wp-content\/uploads\/2016\/02\/Gef\u00fcllte-Zucchini_ji-W800-150x150.jpg\" class=\"tmn-image-wall-item tmn-image-wall-span-cols-1\" alt=\"Gef\u00fcllte Zucchini_ji-W800 (Gef\u00fcllte Zucchini)\" title=\"Gef\u00fcllte Zucchini_ji-W800 (Gef\u00fcllte Zucchini)\" \/><\/a><a class=\"tmn-image-wall-item-link\" href=\"http:\/\/mundgericht.de\/index.php\/vichysoise\/\"  target=\"_blank\"  rel=\"nofollow\"><img width=\"150\" height=\"150\" src=\"http:\/\/mundgericht.de\/wp-content\/uploads\/2009\/11\/vichysoise_ji-w800-150x150.jpg\" class=\"tmn-image-wall-item tmn-image-wall-span-cols-1\" alt=\"vichysoise (Vichysoise)\" title=\"vichysoise (Vichysoise)\" \/><\/a><a class=\"tmn-image-wall-item-link\" href=\"http:\/\/mundgericht.de\/index.php\/geschmorter-spitzkohl-mit-ingwer-und-kartoffeln-in-kokosmilch\/\"  target=\"_blank\"  rel=\"nofollow\"><img width=\"150\" height=\"150\" src=\"http:\/\/mundgericht.de\/wp-content\/uploads\/2019\/04\/Geschmorter-Spitzkohl-mit-Ingwer-und-Kartoffeln-in-Kokosmilch_ji-W800-150x150.jpg\" class=\"tmn-image-wall-item tmn-image-wall-span-cols-1\" alt=\"Geschmorter Spitzkohl mit Ingwer und Kartoffeln in Kokosmilch_ji-W800 (Geschmorter Spitzkohl mit Ingwer und Kartoffeln in Kokosmilch)\" title=\"Geschmorter Spitzkohl mit Ingwer und Kartoffeln in Kokosmilch_ji-W800 (Geschmorter Spitzkohl mit Ingwer und Kartoffeln in Kokosmilch)\" \/><\/a><a class=\"tmn-image-wall-item-link\" href=\"http:\/\/mundgericht.de\/index.php\/schokoladen-gugelhupf-mit-roter-bete\/\"  target=\"_blank\"  rel=\"nofollow\"><img width=\"150\" height=\"150\" src=\"http:\/\/mundgericht.de\/wp-content\/uploads\/2017\/07\/Schokoladen-Gugelhupf-mit-roter-Bete_ji-W800-150x150.jpg\" class=\"tmn-image-wall-item tmn-image-wall-span-cols-1\" alt=\"Schokoladen-Gugelhupf mit roter Bete_ji-W800 (Schokoladen-Gugelhupf mit roter Bete)\" title=\"Schokoladen-Gugelhupf mit roter Bete_ji-W800 (Schokoladen-Gugelhupf mit roter Bete)\" \/><\/a><a class=\"tmn-image-wall-item-link\" href=\"http:\/\/mundgericht.de\/index.php\/chicoree-porree-salat\/\"  target=\"_blank\"  rel=\"nofollow\"><img width=\"150\" height=\"150\" src=\"http:\/\/mundgericht.de\/wp-content\/uploads\/2009\/09\/chicoree-porree-salat_ji-w800-150x150.jpg\" class=\"tmn-image-wall-item tmn-image-wall-span-cols-1\" alt=\"chicoree-porree-salat (Chicor\u00e9e-Porree-Salat)\" title=\"chicoree-porree-salat (Chicor\u00e9e-Porree-Salat)\" \/><\/a><a class=\"tmn-image-wall-item-link\" href=\"http:\/\/mundgericht.de\/index.php\/senfgurkensuppe\/\"  target=\"_blank\"  rel=\"nofollow\"><img width=\"150\" height=\"150\" src=\"http:\/\/mundgericht.de\/wp-content\/uploads\/2011\/05\/Senfgurkensuppe_ji-W800-150x150.jpg\" class=\"tmn-image-wall-item tmn-image-wall-span-cols-1\" alt=\"Senfgurkensuppe (Senfgurkensuppe)\" title=\"Senfgurkensuppe (Senfgurkensuppe)\" \/><\/a><a class=\"tmn-image-wall-item-link\" href=\"http:\/\/mundgericht.de\/index.php\/geschmortes-kaninchen-in-weiswein-mit-artischockenherzen\/\"  target=\"_blank\"  rel=\"nofollow\"><img width=\"150\" height=\"150\" src=\"http:\/\/mundgericht.de\/wp-content\/uploads\/2013\/09\/Geschmortes-Kaninchen-in-Wei\u00dfwein-mit-Artischockenherzen_ji-W800-150x150.jpg\" class=\"tmn-image-wall-item tmn-image-wall-span-cols-1\" alt=\"Geschmortes Kaninchen in Wei\u00dfwein mit Artischockenherzen_ji-W800 (Geschmortes Kaninchen in Wei\u00dfwein mit Artischockenherzen)\" title=\"Geschmortes Kaninchen in Wei\u00dfwein mit Artischockenherzen_ji-W800 (Geschmortes Kaninchen in Wei\u00dfwein mit Artischockenherzen)\" \/><\/a><a class=\"tmn-image-wall-item-link\" href=\"http:\/\/mundgericht.de\/index.php\/langkornreis-mit-gebratenen-champignons\/\"  target=\"_blank\"  rel=\"nofollow\"><img width=\"150\" height=\"150\" src=\"http:\/\/mundgericht.de\/wp-content\/uploads\/2009\/09\/langkornreis-mit-gebratenen-champignons-w800-150x150.jpg\" class=\"tmn-image-wall-item tmn-image-wall-span-cols-1\" alt=\"langkornreis-mit-gebratenen-champignons (Langkornreis mit gebratenen Champignons)\" title=\"langkornreis-mit-gebratenen-champignons (Langkornreis mit gebratenen Champignons)\" \/><\/a><a class=\"tmn-image-wall-item-link\" href=\"http:\/\/mundgericht.de\/index.php\/weihnachtskekse\/\"  target=\"_blank\"  rel=\"nofollow\"><img width=\"150\" height=\"150\" src=\"http:\/\/mundgericht.de\/wp-content\/uploads\/2009\/12\/Weihnachtskekse_ji-W800-150x150.jpg\" class=\"tmn-image-wall-item tmn-image-wall-span-cols-1\" alt=\"Weihnachtskekse (Weihnachtskekse)\" title=\"Weihnachtskekse (Weihnachtskekse)\" \/><\/a><a class=\"tmn-image-wall-item-link\" href=\"http:\/\/mundgericht.de\/index.php\/koriander-currysuppe-mit-huhnerfleisch\/\"  target=\"_blank\"  rel=\"nofollow\"><img width=\"150\" height=\"150\" src=\"http:\/\/mundgericht.de\/wp-content\/uploads\/2009\/09\/koriander-currysuppe-mit-huhnerfleisch_ji-w800-150x150.jpg\" class=\"tmn-image-wall-item tmn-image-wall-span-cols-1\" alt=\"koriander-currysuppe-mit-huhnerfleisch (Koriander-Currysuppe mit H\u00fchnerfleisch)\" title=\"koriander-currysuppe-mit-huhnerfleisch (Koriander-Currysuppe mit H\u00fchnerfleisch)\" \/><\/a><a class=\"tmn-image-wall-item-link\" href=\"http:\/\/mundgericht.de\/index.php\/zitronenwackelpudding-mit-limettenrahmsauce\/\"  target=\"_blank\"  rel=\"nofollow\"><img width=\"150\" height=\"150\" src=\"http:\/\/mundgericht.de\/wp-content\/uploads\/2011\/12\/Zitronen-Wackelpudding_ji-W800-150x150.jpg\" class=\"tmn-image-wall-item tmn-image-wall-span-cols-1\" alt=\"Zitronen-Wackelpudding (Zitronenwackelpudding mit Limettenrahmsauce)\" title=\"Zitronen-Wackelpudding (Zitronenwackelpudding mit Limettenrahmsauce)\" \/><\/a><a class=\"tmn-image-wall-item-link\" href=\"http:\/\/mundgericht.de\/index.php\/kalte-tomatensuppe-mit-knoblauchwurst\/\"  target=\"_blank\"  rel=\"nofollow\"><img width=\"150\" height=\"150\" src=\"http:\/\/mundgericht.de\/wp-content\/uploads\/2018\/08\/Kalte-Tomatensuppe-mit-Knoblauchwurst_ji-W800-150x150.jpg\" class=\"tmn-image-wall-item tmn-image-wall-span-cols-1\" alt=\"Kalte Tomatensuppe mit Knoblauchwurst_ji-W800 (Kalte Tomatensuppe mit Knoblauchwurst)\" title=\"Kalte Tomatensuppe mit Knoblauchwurst_ji-W800 (Kalte Tomatensuppe mit Knoblauchwurst)\" \/><\/a><a class=\"tmn-image-wall-item-link\" href=\"http:\/\/mundgericht.de\/index.php\/riesengarnelen-in-orangen-chilisauce\/\"  target=\"_blank\"  rel=\"nofollow\"><img width=\"150\" height=\"150\" src=\"http:\/\/mundgericht.de\/wp-content\/uploads\/2019\/05\/Riesengarnelen-in-Orangenchilisauce_ji-W800-150x150.jpg\" class=\"tmn-image-wall-item tmn-image-wall-span-cols-1\" alt=\"Riesengarnelen in Orangenchilisauce_ji-W800 (Riesengarnelen in Orangen-Chilisauce)\" title=\"Riesengarnelen in Orangenchilisauce_ji-W800 (Riesengarnelen in Orangen-Chilisauce)\" \/><\/a><a class=\"tmn-image-wall-item-link\" href=\"http:\/\/mundgericht.de\/index.php\/entenbrust-teriyaki\/\"  target=\"_blank\"  rel=\"nofollow\"><img width=\"150\" height=\"150\" src=\"http:\/\/mundgericht.de\/wp-content\/uploads\/2010\/07\/Entenbrust-Teriyaki_ji-W800-150x150.jpg\" class=\"tmn-image-wall-item tmn-image-wall-span-cols-1\" alt=\"Entenbrust Teriyaki (Entenbrust Teriyaki)\" title=\"Entenbrust Teriyaki (Entenbrust Teriyaki)\" \/><\/a><a class=\"tmn-image-wall-item-link\" href=\"http:\/\/mundgericht.de\/index.php\/blaubeerkuchen-nach-entenhausener-art\/\"  target=\"_blank\"  rel=\"nofollow\"><img width=\"150\" height=\"150\" src=\"http:\/\/mundgericht.de\/wp-content\/uploads\/2020\/05\/Blaubeerkuchen-nach-Entenhausener-Art_ji-Klein-150x150.jpg\" class=\"tmn-image-wall-item tmn-image-wall-span-cols-1\" alt=\"Blaubeerkuchen nach Entenhausener Art_ji (Klein) (Blaubeerkuchen nach Entenhausener Art)\" title=\"Blaubeerkuchen nach Entenhausener Art_ji (Klein) (Blaubeerkuchen nach Entenhausener Art)\" \/><\/a><a class=\"tmn-image-wall-item-link\" href=\"http:\/\/mundgericht.de\/index.php\/scharfer-kichererbsensalat-mit-zucchini\/\"  target=\"_blank\"  rel=\"nofollow\"><img width=\"150\" height=\"150\" src=\"http:\/\/mundgericht.de\/wp-content\/uploads\/2014\/10\/Scharfer-Kichererbsensalat-mit-Zucchini_ji-W800-150x150.jpg\" class=\"tmn-image-wall-item tmn-image-wall-span-cols-1\" alt=\"Scharfer Kichererbsensalat mit Zucchini_ji-W800 (Scharfer Kichererbsensalat mit Zucchini)\" title=\"Scharfer Kichererbsensalat mit Zucchini_ji-W800 (Scharfer Kichererbsensalat mit Zucchini)\" \/><\/a><a class=\"tmn-image-wall-item-link\" href=\"http:\/\/mundgericht.de\/index.php\/putenbrust-currysalat\/\"  target=\"_blank\"  rel=\"nofollow\"><img width=\"150\" height=\"150\" src=\"http:\/\/mundgericht.de\/wp-content\/uploads\/2016\/06\/Putenbrust-Currysalat_ji-W800-150x150.jpg\" class=\"tmn-image-wall-item tmn-image-wall-span-cols-1\" alt=\"Putenbrust-Currysalat_ji-W800 (Putenbrust-Currysalat)\" title=\"Putenbrust-Currysalat_ji-W800 (Putenbrust-Currysalat)\" \/><\/a><a class=\"tmn-image-wall-item-link\" href=\"http:\/\/mundgericht.de\/index.php\/tramezzini-mit-thunfisch-kapern-und-bergkaese\/\"  target=\"_blank\"  rel=\"nofollow\"><img width=\"150\" height=\"150\" src=\"http:\/\/mundgericht.de\/wp-content\/uploads\/2017\/12\/Tramezzini-mit-Thunfisch-Kapern-und-Bergk\u00e4se_ji-W800-150x150.jpg\" class=\"tmn-image-wall-item tmn-image-wall-span-cols-1\" alt=\"Tramezzini mit Thunfisch, Kapern und Bergk\u00e4se_ji-W800 (Tramezzini mit Thunfisch, Kapern und Bergk\u00e4se)\" title=\"Tramezzini mit Thunfisch, Kapern und Bergk\u00e4se_ji-W800 (Tramezzini mit Thunfisch, Kapern und Bergk\u00e4se)\" \/><\/a><a class=\"tmn-image-wall-item-link\" href=\"http:\/\/mundgericht.de\/index.php\/eier-in-chili-sahnesauce\/\"  target=\"_blank\"  rel=\"nofollow\"><img width=\"150\" height=\"150\" src=\"http:\/\/mundgericht.de\/wp-content\/uploads\/2010\/07\/Eier-in-Chili-Sahnesauce_ji-W800-150x150.jpg\" class=\"tmn-image-wall-item tmn-image-wall-span-cols-1\" alt=\"Eier in Chili-Sahnesauce (Eier in Chili-Sahnesauce)\" title=\"Eier in Chili-Sahnesauce (Eier in Chili-Sahnesauce)\" \/><\/a><a class=\"tmn-image-wall-item-link\" href=\"http:\/\/mundgericht.de\/index.php\/blaue-zipfel\/\"  target=\"_blank\"  rel=\"nofollow\"><img width=\"150\" height=\"150\" src=\"http:\/\/mundgericht.de\/wp-content\/uploads\/2015\/08\/Blaue-Zipfel_ji-W800-150x150.jpg\" class=\"tmn-image-wall-item tmn-image-wall-span-cols-1\" alt=\"Blaue Zipfel_ji-W800 (Blaue Zipfel)\" title=\"Blaue Zipfel_ji-W800 (Blaue Zipfel)\" \/><\/a><a class=\"tmn-image-wall-item-link\" href=\"http:\/\/mundgericht.de\/index.php\/weisse-bohnen-mit-birnen-und-gebratenem-schweinebauch\/\"  target=\"_blank\"  rel=\"nofollow\"><img width=\"150\" height=\"150\" src=\"http:\/\/mundgericht.de\/wp-content\/uploads\/2015\/07\/Wei\u00dfe-Bohnen-mit-Birnen-und-gebratenem-Schweinebauch_ji-W800-150x150.jpg\" class=\"tmn-image-wall-item tmn-image-wall-span-cols-1\" alt=\"Wei\u00dfe Bohnen mit Birnen und gebratenem Schweinebauch_ji-W800 (Wei\u00dfe Bohnen mit Birnen und gebratenem Schweinebauch)\" title=\"Wei\u00dfe Bohnen mit Birnen und gebratenem Schweinebauch_ji-W800 (Wei\u00dfe Bohnen mit Birnen und gebratenem Schweinebauch)\" \/><\/a><a class=\"tmn-image-wall-item-link\" href=\"http:\/\/mundgericht.de\/index.php\/eingelegter-blumenkohl\/\"  target=\"_blank\"  rel=\"nofollow\"><img width=\"150\" height=\"150\" src=\"http:\/\/mundgericht.de\/wp-content\/uploads\/2009\/07\/eingelegter-blumenkohl-kopie-150x150.jpg\" class=\"tmn-image-wall-item tmn-image-wall-span-cols-1\" alt=\"eingelegter-blumenkohl (Eingelegter Blumenkohl)\" title=\"eingelegter-blumenkohl (Eingelegter Blumenkohl)\" \/><\/a><a class=\"tmn-image-wall-item-link\" href=\"http:\/\/mundgericht.de\/index.php\/sternanis\/\"  target=\"_blank\"  rel=\"nofollow\"><img width=\"150\" height=\"150\" src=\"http:\/\/mundgericht.de\/wp-content\/uploads\/2009\/03\/sternanis-w800-w800-150x150.jpg\" class=\"tmn-image-wall-item tmn-image-wall-span-cols-1\" alt=\"sternanis-w800-w800 (Sternanis)\" title=\"sternanis-w800-w800 (Sternanis)\" \/><\/a><a class=\"tmn-image-wall-item-link\" href=\"http:\/\/mundgericht.de\/index.php\/scharfe-sellerie-tomatensuppe\/\"  target=\"_blank\"  rel=\"nofollow\"><img width=\"150\" height=\"150\" src=\"http:\/\/mundgericht.de\/wp-content\/uploads\/2018\/06\/Scharfe-Sellerie-Tomatensuppe_ji-W800-150x150.jpg\" class=\"tmn-image-wall-item tmn-image-wall-span-cols-1\" alt=\"Scharfe Sellerie-Tomatensuppe_ji-W800 (Scharfe Sellerie-Tomatensuppe)\" title=\"Scharfe Sellerie-Tomatensuppe_ji-W800 (Scharfe Sellerie-Tomatensuppe)\" \/><\/a><a class=\"tmn-image-wall-item-link\" href=\"http:\/\/mundgericht.de\/index.php\/curry-huehnerfrikassee-mit-ananas-und-champignons\/\"  target=\"_blank\"  rel=\"nofollow\"><img width=\"150\" height=\"150\" src=\"http:\/\/mundgericht.de\/wp-content\/uploads\/2018\/03\/Curry-H\u00fchnerfikassee-mit-Ananas-und-Champignons_ji-W800-150x150.jpg\" class=\"tmn-image-wall-item tmn-image-wall-span-cols-1\" alt=\"Curry-H\u00fchnerfikassee mit Ananas und Champignons_ji-W800 (Curry-H\u00fchnerfrikassee mit Ananas und Champignons)\" title=\"Curry-H\u00fchnerfikassee mit Ananas und Champignons_ji-W800 (Curry-H\u00fchnerfrikassee mit Ananas und Champignons)\" \/><\/a><a class=\"tmn-image-wall-item-link\" href=\"http:\/\/mundgericht.de\/index.php\/death-by-chocolate\/\"  target=\"_blank\"  rel=\"nofollow\"><img width=\"150\" height=\"150\" src=\"http:\/\/mundgericht.de\/wp-content\/uploads\/2012\/05\/Death-by-Chocolate2-W800-150x150.jpg\" class=\"tmn-image-wall-item tmn-image-wall-span-cols-1\" alt=\"Death by Chocolate (Death by Chocolate)\" title=\"Death by Chocolate (Death by Chocolate)\" \/><\/a><a class=\"tmn-image-wall-item-link\" href=\"http:\/\/mundgericht.de\/index.php\/fettuccine-alfredo\/\"  target=\"_blank\"  rel=\"nofollow\"><img width=\"150\" height=\"150\" src=\"http:\/\/mundgericht.de\/wp-content\/uploads\/2018\/04\/Fettuccine-Alfredo_ji-W800-150x150.jpg\" class=\"tmn-image-wall-item tmn-image-wall-span-cols-1\" alt=\"Fettuccine Alfredo_ji-W800 (Fettuccine Alfredo)\" title=\"Fettuccine Alfredo_ji-W800 (Fettuccine Alfredo)\" \/><\/a><a class=\"tmn-image-wall-item-link\" href=\"http:\/\/mundgericht.de\/index.php\/boeuf-stroganoff\/\"  target=\"_blank\"  rel=\"nofollow\"><img width=\"150\" height=\"150\" src=\"http:\/\/mundgericht.de\/wp-content\/uploads\/2010\/11\/Boeuf-Stroganoff_ji-W800-150x150.jpg\" class=\"tmn-image-wall-item tmn-image-wall-span-cols-1\" alt=\"Boeuf Stroganoff (Boeuf Stroganoff)\" title=\"Boeuf Stroganoff (Boeuf Stroganoff)\" \/><\/a><a class=\"tmn-image-wall-item-link\" href=\"http:\/\/mundgericht.de\/index.php\/quittenkonfekt\/\"  target=\"_blank\"  rel=\"nofollow\"><img width=\"150\" height=\"150\" src=\"http:\/\/mundgericht.de\/wp-content\/uploads\/2010\/01\/Quittenkonfekt_ji-W800-150x150.jpg\" class=\"tmn-image-wall-item tmn-image-wall-span-cols-1\" alt=\"Quittenkonfekt (Quittenkonfekt)\" title=\"Quittenkonfekt (Quittenkonfekt)\" \/><\/a><a class=\"tmn-image-wall-item-link\" href=\"http:\/\/mundgericht.de\/index.php\/cranberry-kompott-mit-ingwer\/\"  target=\"_blank\"  rel=\"nofollow\"><img width=\"150\" height=\"150\" src=\"http:\/\/mundgericht.de\/wp-content\/uploads\/2015\/11\/Cranberry-Kompott-mit-Ingwer_ji-W800-150x150.jpg\" class=\"tmn-image-wall-item tmn-image-wall-span-cols-1\" alt=\"Cranberry-Kompott mit Ingwer_ji-W800 (Cranberry-Kompott mit Ingwer)\" title=\"Cranberry-Kompott mit Ingwer_ji-W800 (Cranberry-Kompott mit Ingwer)\" \/><\/a><a class=\"tmn-image-wall-item-link\" href=\"http:\/\/mundgericht.de\/index.php\/mangoldsalat-mit-senfsauce\/\"  target=\"_blank\"  rel=\"nofollow\"><img width=\"150\" height=\"150\" src=\"http:\/\/mundgericht.de\/wp-content\/uploads\/2012\/10\/Mangoldsalat-mit-Senfsauce_ji-W800-150x150.jpg\" class=\"tmn-image-wall-item tmn-image-wall-span-cols-1\" alt=\"Mangoldsalat mit Senfsauce (Mangoldsalat mit Senfsauce)\" title=\"Mangoldsalat mit Senfsauce (Mangoldsalat mit Senfsauce)\" \/><\/a><a class=\"tmn-image-wall-item-link\" href=\"http:\/\/mundgericht.de\/index.php\/gansekeulen-auf-weiskohl\/\"  target=\"_blank\"  rel=\"nofollow\"><img width=\"150\" height=\"150\" src=\"http:\/\/mundgericht.de\/wp-content\/uploads\/2011\/12\/G\u00e4nsekeule-mit-Wei\u00dfkohl_ji-W800-150x150.jpg\" class=\"tmn-image-wall-item tmn-image-wall-span-cols-1\" alt=\"G\u00e4nsekeule mit Wei\u00dfkohl (G\u00e4nsekeulen auf Wei\u00dfkohl)\" title=\"G\u00e4nsekeule mit Wei\u00dfkohl (G\u00e4nsekeulen auf Wei\u00dfkohl)\" \/><\/a><a id=\"tmn-image-wall-next\" rel=\"nofollow\" href=\"http:\/\/mundgericht.de\/index.php\/gansekeulen-auf-weiskohl\/gansekeule-mit-weiskohl_ji-w800\/?tmn_iw_page=2\">Next<\/a><\/div>\n<style>\n#tmn-image-wall img.tmn-image-wall-item { margin: 3px; -webkit-border-radius: 2px; -moz-border-radius: 2px; border-radius: 2px; }\n#tmn-image-wall img.tmn-image-wall-item.tmn-image-wall-span-cols-1 { max-width: 144px; width: 144px;}\n#tmn-image-wall img.tmn-image-wall-item.tmn-image-wall-span-cols-2 { max-width: 294px; width: 294px;}\n#tmn-image-wall img.tmn-image-wall-item.tmn-image-wall-span-cols-3 { max-width: 444px; width: 444px;}\n#tmn-image-wall img.tmn-image-wall-item.tmn-image-wall-span-cols-4 { max-width: 594px; width: 594px;}\n#tmn-image-wall img.tmn-image-wall-item.tmn-image-wall-span-cols-5 { max-width: 744px; width: 744px;}\n#tmn-image-wall img.tmn-image-wall-item.tmn-image-wall-span-cols-6 { max-width: 894px; width: 894px;}\n#tmn-image-wall img.tmn-image-wall-item.tmn-image-wall-span-cols-7 { max-width: 1044px; width: 1044px;}\n#tmn-image-wall img.tmn-image-wall-item.tmn-image-wall-span-cols-8 { max-width: 1194px; width: 1194px;}\n#tmn-image-wall img.tmn-image-wall-item.tmn-image-wall-span-cols-9 { max-width: 1344px; width: 1344px;}\n#tmn-image-wall img.tmn-image-wall-item.tmn-image-wall-span-cols-10 { max-width: 1494px; width: 1494px;}\n<\/style><\/code><\/p>\n","protected":false},"excerpt":{"rendered":"","protected":false},"author":1,"featured_media":0,"parent":0,"menu_order":4,"comment_status":"open","ping_status":"open","template":"","meta":[],"aioseo_notices":[],"_links":{"self":[{"href":"http:\/\/mundgericht.de\/index.php\/wp-json\/wp\/v2\/pages\/11680"}],"collection":[{"href":"http:\/\/mundgericht.de\/index.php\/wp-json\/wp\/v2\/pages"}],"about":[{"href":"http:\/\/mundgericht.de\/index.php\/wp-json\/wp\/v2\/types\/page"}],"author":[{"embeddable":true,"href":"http:\/\/mundgericht.de\/index.php\/wp-json\/wp\/v2\/users\/1"}],"replies":[{"embeddable":true,"href":"http:\/\/mundgericht.de\/index.php\/wp-json\/wp\/v2\/comments?post=11680"}],"version-history":[{"count":9,"href":"http:\/\/mundgericht.de\/index.php\/wp-json\/wp\/v2\/pages\/11680\/revisions"}],"predecessor-version":[{"id":14666,"href":"http:\/\/mundgericht.de\/index.php\/wp-json\/wp\/v2\/pages\/11680\/revisions\/14666"}],"wp:attachment":[{"href":"http:\/\/mundgericht.de\/index.php\/wp-json\/wp\/v2\/media?parent=11680"}],"curies":[{"name":"wp","href":"https:\/\/api.w.org\/{rel}","templated":true}]}}